{"id":17,"date":"2018-07-11T20:53:10","date_gmt":"2018-07-11T20:53:10","guid":{"rendered":"http:\/\/site.versobg.com\/?page_id=17"},"modified":"2018-07-11T20:53:10","modified_gmt":"2018-07-11T20:53:10","slug":"perche-lavorare-con-noi","status":"publish","type":"page","link":"https:\/\/versobg.com\/?page_id=17","title":{"rendered":"Perch\u00e8 lavorare con noi?"},"content":{"rendered":"<p style=\"text-align: center;\"><span style=\"color: #003366;\"><strong>L\u2019approccio individuale \u00e8 la nostra filosofia e la soddisfazione del cliente \u00e8 la nostra motivazione pi\u00f9 forte<\/strong><\/span><\/p>\n<p style=\"text-align: center;\"><span style=\"color: #003366;\"><strong>Alcuni dei nostri vantaggi:<\/strong><\/span><\/p>\n<ul>\n<li>Prestiamo un servizio integrato a <a href=\"http:\/\/www.versobg.com\/prezzi-e-condizioni\/\">prezzi competitivi<\/a>;<\/li>\n<li>Con noi si lavora bene, perch\u00e9 parliamo la vostra lingua! La barriera linguistica o la difficolt\u00e0 di esprimersi in lingua straniera non saranno pi\u00f9 ostacolo alla comunicazione con la controparte bulgara;<\/li>\n<li>Vi possiamo essere utili con i nostri contatti gi\u00e0 stabiliti in vari settori e la nostra esperienza pluriennale nel settore\u00a0immobiliare bulgaro\u00a0(consulenze immobiliari\u00a0in Bulgaria,\u00a0ricerca di terreni, studi di progettazione ed imprese edili bulgare di fiducia, ricerca di beni immobili, assistenza alla compravendita e la locazione di beni immobili in Bulgaria, ecc.),\u00a0gasificazione, efficienza energetica, commesse pubbliche di ingegneria, programmazione e sviluppo di software, commercio di autoveicoli e accessori auto, moda e molti altri. Ci occupiamo anche di logistica, organizzazione di seminari, work-shop, incontri bilaterali in Bulgaria, visite di lavoro di personale tecnico in Italia e in Bulgaria, ecc.;<\/li>\n<li>Vi aiuteremo volentieri in tutti i settori di nostra competenza. Per le materie a noi sconosciute vi consiglieremo di utilizzare le consulenze specializzate dei rispettivi professionisti e dei legali bulgari;<\/li>\n<li>Potete contare su di noi, perch\u00e8 ci impegniamo\u00a0davvero in ci\u00f2 che facciamo, mettendoci massima responsabilit\u00e0 e seriet\u00e0;<\/li>\n<li>Noi prestiamo particolare attenzione alla correttezza dei dati (nominativi, cifre ed altri dati importanti) in tutti i documenti che traduciamo, compiliamo, presentiamo o riceviamo, risparmiando in tal modo i vostri soldi e tempo. Purtroppo riscontriamo spesso errori commessi da enti pubblici o privati in documenti ufficiali \u00a0\u2013 per conoscenze scarse della lingua straniera o per fretta o distrazione. Niente di grave&#8230; \u00e8 umano sbagliare&#8230; l\u2019importante \u00e8 controllare e correggere in tempo;<\/li>\n<li>Con noi non rischiate di cadere in mora o di saltare scadenze per depositare documenti o pagare debiti \u2013 i nostri professionisti conoscono bene la legislazione bulgara e vi comunicheranno sempre, con il preavviso giusto, tutto quello che dovr\u00e0 essere dichiarato, presentato e saldato;<\/li>\n<li>A noi piace lavorare in modo efficiente, veloce e ben organizzato, programmando in anticipo ogni dettaglio, quindi diteci le vostre idee e al resto ci pensiamo noi: provvediamo ad organizzare tutto per la vostra visita con risultati sicuri.<\/li>\n<\/ul>\n<p>Riceverete riscontro in termini abbastanza brevi, a noi non piace far perdere tempo! Apprezziamo sia il nostro tempo, che quello dei nostri clienti. E non all\u2019ultimo posto: accettiamo nuovi clienti, unicamente se siamo in grado di seguirli e dedicargli il tempo necessario e sufficiente per raggiungere i loro obiettivi in Bulgaria.<\/p>\n","protected":false},"excerpt":{"rendered":"<p>L\u2019approccio individuale \u00e8 la nostra filosofia e la soddisfazione del cliente \u00e8 la nostra motivazione pi\u00f9 forte Alcuni dei nostri vantaggi: Prestiamo un servizio integrato a prezzi competitivi; Con noi si lavora bene, perch\u00e9 parliamo la vostra lingua! La barriera&hellip;&nbsp;<a href=\"https:\/\/versobg.com\/?page_id=17\" class=\"more-link\">Read More<\/a><\/p>\n","protected":false},"author":1,"featured_media":0,"parent":0,"menu_order":0,"comment_status":"closed","ping_status":"closed","template":"","meta":{"footnotes":""},"class_list":["post-17","page","type-page","status-publish","hentry"],"_links":{"self":[{"href":"https:\/\/versobg.com\/index.php?rest_route=\/wp\/v2\/pages\/17","targetHints":{"allow":["GET"]}}],"collection":[{"href":"https:\/\/versobg.com\/index.php?rest_route=\/wp\/v2\/pages"}],"about":[{"href":"https:\/\/versobg.com\/index.php?rest_route=\/wp\/v2\/types\/page"}],"author":[{"embeddable":true,"href":"https:\/\/versobg.com\/index.php?rest_route=\/wp\/v2\/users\/1"}],"replies":[{"embeddable":true,"href":"https:\/\/versobg.com\/index.php?rest_route=%2Fwp%2Fv2%2Fcomments&post=17"}],"version-history":[{"count":0,"href":"https:\/\/versobg.com\/index.php?rest_route=\/wp\/v2\/pages\/17\/revisions"}],"wp:attachment":[{"href":"https:\/\/versobg.com\/index.php?rest_route=%2Fwp%2Fv2%2Fmedia&parent=17"}],"curies":[{"name":"wp","href":"https:\/\/api.w.org\/{rel}","templated":true}]}}